{"id":23,"date":"2014-10-29T21:06:28","date_gmt":"2014-10-29T19:06:28","guid":{"rendered":"https:\/\/erzenberg.ch\/giesserei\/?page_id=23"},"modified":"2017-03-10T08:52:09","modified_gmt":"2017-03-10T06:52:09","slug":"wir-ueber-uns","status":"publish","type":"page","link":"https:\/\/erzenberg.ch\/giesserei\/wir-ueber-uns\/","title":{"rendered":"Wir \u00fcber uns"},"content":{"rendered":"<p>&nbsp;<\/p>\n<p>&nbsp;<\/p>\n<p>&nbsp;<\/p>\n<p>Liebe Kundin, lieber Kunde!<\/p>\n<p>Wir bekommen immer wieder Mitteilungen dass wir die Produktion vom Bauguss komplett einstellen w\u00fcrden? <strong>Dass stimmt nicht<\/strong>, wir produzieren nach wie vor alles was im Katalog steht und f\u00fchren auch Sonderw\u00fcnsche aus. Einzig im <strong>Billig Preissektor<\/strong> k\u00f6nnen wir nicht mitmachen.\u00a0F\u00fcr uns stehen Sie im Mittelpunkt. Wir freuen uns, dass wir Sie immer wieder von unserem Engagement \u00fcberzeugen d\u00fcrfen.<\/p>\n<p>Die Giesserei Erzenberg AG wird auch im Jahr 2016 weiter engagiert daran arbeiten, Ihnen beste Qualit\u00e4t und optimalen Service zu bieten!<\/p>\n<p>Ihr Giesserei Erzenberg Team<\/p>\n<p>&nbsp;<\/p>\n<p>&nbsp;<\/p>\n<p>&nbsp;<\/p>\n<p>Wir sind eine alteingesessene Giesserei mit Sitz in Liestal (BL) seit 1840.<\/p>\n<p>Wir waren in den letzten Jahrzehnten zu zwei Drittel im Bau- und<br \/>\nKanalisationsguss und zu einem Drittel im Kundenguss t\u00e4tig.<br \/>\nSeit ein paar Jahren ist der Druck und Preiszerfall aus dem Ausland<br \/>\nim Bereich Massenkanalisationsguss des Bau- und Kanalisationsgusses dermassen gross geworden, dass wir beschlossen haben, die Produktion dieses Bereichs (Massenkanalisationsguss) im Verlauf<br \/>\ndes ersten Halbjahres 2015 zu reduzieren.<\/p>\n<p>Wir werden nach wie vor im Kundenguss und Spezialbauguss sowie im Modellbau t\u00e4tig sein.<\/p>\n<p>Wir bieten nach wie vor alles an, auch im Spezialbauguss. Sie finden unseren Katalog als PDF unter dem Men\u00fcpunkt DIENSTLEISTUNGEN.<br \/>\n<strong>Nehmen Sie Kontakt mit uns auf oder schreiben Sie uns!<\/strong><\/p>\n<p>&nbsp;<\/p>\n<hr \/>\n<h2>Kontakt:<\/h2>\n<div role=\"form\" class=\"wpcf7\" id=\"wpcf7-f91-o1\" lang=\"de-DE\" dir=\"ltr\">\n<div class=\"screen-reader-response\" role=\"alert\" aria-live=\"polite\"><\/div>\n<form action=\"\/giesserei\/wp-json\/wp\/v2\/pages\/23#wpcf7-f91-o1\" method=\"post\" class=\"wpcf7-form init\" novalidate=\"novalidate\">\n<div style=\"display: none;\">\n<input type=\"hidden\" name=\"_wpcf7\" value=\"91\" \/>\n<input type=\"hidden\" name=\"_wpcf7_version\" value=\"5.2.2\" \/>\n<input type=\"hidden\" name=\"_wpcf7_locale\" value=\"de_DE\" \/>\n<input type=\"hidden\" name=\"_wpcf7_unit_tag\" value=\"wpcf7-f91-o1\" \/>\n<input type=\"hidden\" name=\"_wpcf7_container_post\" value=\"0\" \/>\n<input type=\"hidden\" name=\"_wpcf7_posted_data_hash\" value=\"\" \/>\n<\/div>\n<p>Ihr Name (Pflichtfeld)<br \/>\n    <span class=\"wpcf7-form-control-wrap your-name\"><input type=\"text\" name=\"your-name\" value=\"\" size=\"40\" class=\"wpcf7-form-control wpcf7-text wpcf7-validates-as-required\" aria-required=\"true\" aria-invalid=\"false\" \/><\/span> <\/p>\n<p>Ihre E-Mail-Adresse (Pflichtfeld)<br \/>\n    <span class=\"wpcf7-form-control-wrap your-email\"><input type=\"email\" name=\"your-email\" value=\"\" size=\"40\" class=\"wpcf7-form-control wpcf7-text wpcf7-email wpcf7-validates-as-required wpcf7-validates-as-email\" aria-required=\"true\" aria-invalid=\"false\" \/><\/span> <\/p>\n<p>Ihre Nachricht<br \/>\n    <span class=\"wpcf7-form-control-wrap your-message\"><textarea name=\"your-message\" cols=\"40\" rows=\"10\" class=\"wpcf7-form-control wpcf7-textarea\" aria-invalid=\"false\"><\/textarea><\/span> <\/p>\n<p><input type=\"submit\" value=\"Senden\" class=\"wpcf7-form-control wpcf7-submit\" \/><\/p>\n<div class=\"wpcf7-response-output\" role=\"alert\" aria-hidden=\"true\"><\/div><\/form><\/div>\n","protected":false},"excerpt":{"rendered":"<p>&nbsp; &nbsp; &nbsp; Liebe Kundin, lieber Kunde! Wir bekommen immer wieder Mitteilungen dass wir die Produktion vom Bauguss komplett einstellen w\u00fcrden? Dass stimmt nicht, wir produzieren nach wie vor alles was im Katalog steht und f\u00fchren auch Sonderw\u00fcnsche aus. Einzig im Billig Preissektor k\u00f6nnen wir nicht mitmachen.\u00a0F\u00fcr uns stehen Sie im Mittelpunkt. Wir freuen uns, &hellip; <a href=\"https:\/\/erzenberg.ch\/giesserei\/wir-ueber-uns\/\" class=\"more-link\"><span class=\"screen-reader-text\">Wir \u00fcber uns<\/span> weiterlesen <span class=\"meta-nav\">&rarr;<\/span><\/a><\/p>\n","protected":false},"author":1,"featured_media":0,"parent":0,"menu_order":0,"comment_status":"closed","ping_status":"closed","template":"","meta":[],"_links":{"self":[{"href":"https:\/\/erzenberg.ch\/giesserei\/wp-json\/wp\/v2\/pages\/23"}],"collection":[{"href":"https:\/\/erzenberg.ch\/giesserei\/wp-json\/wp\/v2\/pages"}],"about":[{"href":"https:\/\/erzenberg.ch\/giesserei\/wp-json\/wp\/v2\/types\/page"}],"author":[{"embeddable":true,"href":"https:\/\/erzenberg.ch\/giesserei\/wp-json\/wp\/v2\/users\/1"}],"replies":[{"embeddable":true,"href":"https:\/\/erzenberg.ch\/giesserei\/wp-json\/wp\/v2\/comments?post=23"}],"version-history":[{"count":26,"href":"https:\/\/erzenberg.ch\/giesserei\/wp-json\/wp\/v2\/pages\/23\/revisions"}],"predecessor-version":[{"id":182,"href":"https:\/\/erzenberg.ch\/giesserei\/wp-json\/wp\/v2\/pages\/23\/revisions\/182"}],"wp:attachment":[{"href":"https:\/\/erzenberg.ch\/giesserei\/wp-json\/wp\/v2\/media?parent=23"}],"curies":[{"name":"wp","href":"https:\/\/api.w.org\/{rel}","templated":true}]}}