{"id":70,"date":"2014-10-29T22:26:42","date_gmt":"2014-10-29T20:26:42","guid":{"rendered":"https:\/\/erzenberg.ch\/giesserei\/?page_id=70"},"modified":"2025-03-29T21:47:18","modified_gmt":"2025-03-29T20:47:18","slug":"kundenguss","status":"publish","type":"page","link":"https:\/\/erzenberg.ch\/giesserei\/kundenguss\/","title":{"rendered":"Kundenguss"},"content":{"rendered":"<p><a href=\"https:\/\/erzenberg.ch\/giesserei\/wp-content\/uploads\/2014\/10\/IMG_1222.jpg\"><img loading=\"lazy\" class=\"alignnone wp-image-175\" src=\"https:\/\/erzenberg.ch\/giesserei\/wp-content\/uploads\/2014\/10\/IMG_1222.jpg\" alt=\"img_1222\" width=\"298\" height=\"223\" srcset=\"https:\/\/erzenberg.ch\/giesserei\/wp-content\/uploads\/2014\/10\/IMG_1222.jpg 3264w, https:\/\/erzenberg.ch\/giesserei\/wp-content\/uploads\/2014\/10\/IMG_1222-300x225.jpg 300w, https:\/\/erzenberg.ch\/giesserei\/wp-content\/uploads\/2014\/10\/IMG_1222-768x576.jpg 768w, https:\/\/erzenberg.ch\/giesserei\/wp-content\/uploads\/2014\/10\/IMG_1222-1024x768.jpg 1024w\" sizes=\"(max-width: 298px) 100vw, 298px\" \/><\/a><a href=\"https:\/\/erzenberg.ch\/giesserei\/wp-content\/uploads\/2014\/10\/IMG_1572.jpg\"><img loading=\"lazy\" class=\"wp-image-177 alignright\" src=\"https:\/\/erzenberg.ch\/giesserei\/wp-content\/uploads\/2014\/10\/IMG_1572.jpg\" alt=\"img_1572\" width=\"168\" height=\"224\" srcset=\"https:\/\/erzenberg.ch\/giesserei\/wp-content\/uploads\/2014\/10\/IMG_1572.jpg 2448w, https:\/\/erzenberg.ch\/giesserei\/wp-content\/uploads\/2014\/10\/IMG_1572-225x300.jpg 225w, https:\/\/erzenberg.ch\/giesserei\/wp-content\/uploads\/2014\/10\/IMG_1572-768x1024.jpg 768w\" sizes=\"(max-width: 168px) 100vw, 168px\" \/><\/a><\/p>\n<p>Ich m\u00f6chte mich an dieser Stelle bei allen Kunden recht Herzlich bedanken f\u00fcr die gute Zusammenarbeit im abgelaufenen Jahr.<\/p>\n<p>F\u00fcr Ihr Vertrauen und die angenehme Zusammenarbeit\u00a0im vergangenen Jahr danken wir ganz herzlich und w\u00fcnschen Ihnen frohe Festtage und ein gl\u00fcckliches neues Jahr.<\/p>\n<p>Wir freuen uns auf ein gemeinsam erfolgreiches Jahr 2017<\/p>\n<p><strong>GIESSEREI ERZENBERG AG<\/strong><\/p>\n<p>Leiter Kundenguss<\/p>\n<p><strong><em>Marinko Corusa\u00a0<\/em><\/strong><\/p>\n<p>Wir stellen eine Vielzahl unterschiedlichster Artikel f\u00fcr Industrie und Gewerbe her.<br \/>\nEinzelteile, Prototypen und Kleinserien nach Ihren W\u00fcnschen in Grau- oder Sph\u00e4roguss.<br \/>\nZusammen mit unserem Modellbau entwickeln wir neue Produkte gem\u00e4ss Ihren Vorgaben.<br \/>\nEigene Bearbeitung, Oberfl\u00e4chenbehandlung und W\u00e4rmebehandlung.<\/p>\n<h4>&#8222;Das fertige Bauteil aus einer Hand&#8220;!<\/h4>\n<p><strong>Lassen Sie sich von unserem Verkauf kompetent beraten.<\/strong><\/p>\n<hr \/>\n<h2>Kontakt:<\/h2>\n<p>Marino Corusa, Leiter Kundenguss<br \/>\nTelefon: 061 921 22 40<\/p>\n<p>kundenguss@erzenberg.ch<\/p>\n<div role=\"form\" class=\"wpcf7\" id=\"wpcf7-f59-o1\" lang=\"de-DE\" dir=\"ltr\">\n<div class=\"screen-reader-response\" role=\"alert\" aria-live=\"polite\"><\/div>\n<form action=\"\/giesserei\/wp-json\/wp\/v2\/pages\/70#wpcf7-f59-o1\" method=\"post\" class=\"wpcf7-form init\" novalidate=\"novalidate\">\n<div style=\"display: none;\">\n<input type=\"hidden\" name=\"_wpcf7\" value=\"59\" \/>\n<input type=\"hidden\" name=\"_wpcf7_version\" value=\"5.2.2\" \/>\n<input type=\"hidden\" name=\"_wpcf7_locale\" value=\"de_DE\" \/>\n<input type=\"hidden\" name=\"_wpcf7_unit_tag\" value=\"wpcf7-f59-o1\" \/>\n<input type=\"hidden\" name=\"_wpcf7_container_post\" value=\"0\" \/>\n<input type=\"hidden\" name=\"_wpcf7_posted_data_hash\" value=\"\" \/>\n<\/div>\n<p>Ihr Name (Pflichtfeld)<br \/>\n    <span class=\"wpcf7-form-control-wrap your-name\"><input type=\"text\" name=\"your-name\" value=\"\" size=\"40\" class=\"wpcf7-form-control wpcf7-text wpcf7-validates-as-required\" aria-required=\"true\" aria-invalid=\"false\" \/><\/span> <\/p>\n<p>Ihre E-Mail-Adresse (Pflichtfeld)<br \/>\n    <span class=\"wpcf7-form-control-wrap your-email\"><input type=\"email\" name=\"your-email\" value=\"\" size=\"40\" class=\"wpcf7-form-control wpcf7-text wpcf7-email wpcf7-validates-as-required wpcf7-validates-as-email\" aria-required=\"true\" aria-invalid=\"false\" \/><\/span> <\/p>\n<p>Ihre Nachricht<br \/>\n    <span class=\"wpcf7-form-control-wrap your-message\"><textarea name=\"your-message\" cols=\"40\" rows=\"10\" class=\"wpcf7-form-control wpcf7-textarea\" aria-invalid=\"false\"><\/textarea><\/span> <\/p>\n<p><input type=\"submit\" value=\"Senden\" class=\"wpcf7-form-control wpcf7-submit\" \/><\/p>\n<div class=\"wpcf7-response-output\" role=\"alert\" aria-hidden=\"true\"><\/div><\/form><\/div>\n","protected":false},"excerpt":{"rendered":"<p>Ich m\u00f6chte mich an dieser Stelle bei allen Kunden recht Herzlich bedanken f\u00fcr die gute Zusammenarbeit im abgelaufenen Jahr. F\u00fcr Ihr Vertrauen und die angenehme Zusammenarbeit\u00a0im vergangenen Jahr danken wir ganz herzlich und w\u00fcnschen Ihnen frohe Festtage und ein gl\u00fcckliches neues Jahr. Wir freuen uns auf ein gemeinsam erfolgreiches Jahr 2017 GIESSEREI ERZENBERG AG Leiter &hellip; <a href=\"https:\/\/erzenberg.ch\/giesserei\/kundenguss\/\" class=\"more-link\"><span class=\"screen-reader-text\">Kundenguss<\/span> weiterlesen <span class=\"meta-nav\">&rarr;<\/span><\/a><\/p>\n","protected":false},"author":1,"featured_media":0,"parent":0,"menu_order":0,"comment_status":"closed","ping_status":"closed","template":"","meta":[],"_links":{"self":[{"href":"https:\/\/erzenberg.ch\/giesserei\/wp-json\/wp\/v2\/pages\/70"}],"collection":[{"href":"https:\/\/erzenberg.ch\/giesserei\/wp-json\/wp\/v2\/pages"}],"about":[{"href":"https:\/\/erzenberg.ch\/giesserei\/wp-json\/wp\/v2\/types\/page"}],"author":[{"embeddable":true,"href":"https:\/\/erzenberg.ch\/giesserei\/wp-json\/wp\/v2\/users\/1"}],"replies":[{"embeddable":true,"href":"https:\/\/erzenberg.ch\/giesserei\/wp-json\/wp\/v2\/comments?post=70"}],"version-history":[{"count":16,"href":"https:\/\/erzenberg.ch\/giesserei\/wp-json\/wp\/v2\/pages\/70\/revisions"}],"predecessor-version":[{"id":196,"href":"https:\/\/erzenberg.ch\/giesserei\/wp-json\/wp\/v2\/pages\/70\/revisions\/196"}],"wp:attachment":[{"href":"https:\/\/erzenberg.ch\/giesserei\/wp-json\/wp\/v2\/media?parent=70"}],"curies":[{"name":"wp","href":"https:\/\/api.w.org\/{rel}","templated":true}]}}